{"id":4,"date":"2024-01-01T11:49:04","date_gmt":"2024-01-01T10:49:04","guid":{"rendered":"https:\/\/www.freiholtz.se\/thorvald\/?page_id=4"},"modified":"2024-01-01T12:07:51","modified_gmt":"2024-01-01T11:07:51","slug":"start","status":"publish","type":"page","link":"https:\/\/www.freiholtz.se\/thorvald\/","title":{"rendered":"V\u00e4lkommen till min hemsida!"},"content":{"rendered":"\n<figure class=\"wp-block-image aligncenter size-full is-resized\"><img loading=\"lazy\" decoding=\"async\" width=\"1024\" height=\"1024\" src=\"https:\/\/www.freiholtz.se\/thorvald\/wp-content\/uploads\/sites\/6\/2024\/01\/Thorvald_231222.jpg\" alt=\"\" class=\"wp-image-6\" style=\"width:500px\" srcset=\"https:\/\/www.freiholtz.se\/thorvald\/wp-content\/uploads\/sites\/6\/2024\/01\/Thorvald_231222.jpg 1024w, https:\/\/www.freiholtz.se\/thorvald\/wp-content\/uploads\/sites\/6\/2024\/01\/Thorvald_231222-300x300.jpg 300w, https:\/\/www.freiholtz.se\/thorvald\/wp-content\/uploads\/sites\/6\/2024\/01\/Thorvald_231222-150x150.jpg 150w, https:\/\/www.freiholtz.se\/thorvald\/wp-content\/uploads\/sites\/6\/2024\/01\/Thorvald_231222-768x768.jpg 768w\" sizes=\"auto, (max-width: 1024px) 100vw, 1024px\" \/><\/figure>\n\n\n\n<p class=\"has-text-align-center\">H\u00e4r kommer mer inneh\u00e5ll s\u00e5 sm\u00e5ningom&#8230;<\/p>\n","protected":false},"excerpt":{"rendered":"<p>H\u00e4r kommer mer inneh\u00e5ll s\u00e5 sm\u00e5ningom&#8230;<\/p>\n","protected":false},"author":1,"featured_media":0,"parent":0,"menu_order":0,"comment_status":"closed","ping_status":"closed","template":"","meta":{"_monsterinsights_skip_tracking":false,"_monsterinsights_sitenote_active":false,"_monsterinsights_sitenote_note":"","_monsterinsights_sitenote_category":0,"footnotes":""},"class_list":["post-4","page","type-page","status-publish","hentry"],"yoast_head":"<!-- This site is optimized with the Yoast SEO plugin v27.4 - https:\/\/yoast.com\/product\/yoast-seo-wordpress\/ -->\n<title>V\u00e4lkommen till min hemsida! - Thorvalds hemsida<\/title>\n<meta name=\"robots\" content=\"index, follow, max-snippet:-1, max-image-preview:large, max-video-preview:-1\" \/>\n<link rel=\"canonical\" href=\"https:\/\/www.freiholtz.se\/thorvald\/\" \/>\n<meta property=\"og:locale\" content=\"sv_SE\" \/>\n<meta property=\"og:type\" content=\"article\" \/>\n<meta property=\"og:title\" content=\"V\u00e4lkommen till min hemsida! - Thorvalds hemsida\" \/>\n<meta property=\"og:description\" content=\"H\u00e4r kommer mer inneh\u00e5ll s\u00e5 sm\u00e5ningom&#8230;\" \/>\n<meta property=\"og:url\" content=\"https:\/\/www.freiholtz.se\/thorvald\/\" \/>\n<meta property=\"og:site_name\" content=\"Thorvalds hemsida\" \/>\n<meta property=\"article:modified_time\" content=\"2024-01-01T11:07:51+00:00\" \/>\n<meta property=\"og:image\" content=\"https:\/\/www.freiholtz.se\/thorvald\/wp-content\/uploads\/sites\/6\/2024\/01\/Thorvald_231222.jpg\" \/>\n<meta name=\"twitter:card\" content=\"summary_large_image\" \/>\n<meta name=\"twitter:label1\" content=\"Ber\u00e4knad l\u00e4stid\" \/>\n\t<meta name=\"twitter:data1\" content=\"1 minut\" \/>\n<script type=\"application\/ld+json\" class=\"yoast-schema-graph\">{\"@context\":\"https:\\\/\\\/schema.org\",\"@graph\":[{\"@type\":\"WebPage\",\"@id\":\"https:\\\/\\\/www.freiholtz.se\\\/thorvald\\\/\",\"url\":\"https:\\\/\\\/www.freiholtz.se\\\/thorvald\\\/\",\"name\":\"V\u00e4lkommen till min hemsida! - Thorvalds hemsida\",\"isPartOf\":{\"@id\":\"https:\\\/\\\/www.freiholtz.se\\\/thorvald\\\/#website\"},\"primaryImageOfPage\":{\"@id\":\"https:\\\/\\\/www.freiholtz.se\\\/thorvald\\\/#primaryimage\"},\"image\":{\"@id\":\"https:\\\/\\\/www.freiholtz.se\\\/thorvald\\\/#primaryimage\"},\"thumbnailUrl\":\"https:\\\/\\\/www.freiholtz.se\\\/thorvald\\\/wp-content\\\/uploads\\\/sites\\\/6\\\/2024\\\/01\\\/Thorvald_231222.jpg\",\"datePublished\":\"2024-01-01T10:49:04+00:00\",\"dateModified\":\"2024-01-01T11:07:51+00:00\",\"breadcrumb\":{\"@id\":\"https:\\\/\\\/www.freiholtz.se\\\/thorvald\\\/#breadcrumb\"},\"inLanguage\":\"sv-SE\",\"potentialAction\":[{\"@type\":\"ReadAction\",\"target\":[\"https:\\\/\\\/www.freiholtz.se\\\/thorvald\\\/\"]}]},{\"@type\":\"ImageObject\",\"inLanguage\":\"sv-SE\",\"@id\":\"https:\\\/\\\/www.freiholtz.se\\\/thorvald\\\/#primaryimage\",\"url\":\"https:\\\/\\\/www.freiholtz.se\\\/thorvald\\\/wp-content\\\/uploads\\\/sites\\\/6\\\/2024\\\/01\\\/Thorvald_231222.jpg\",\"contentUrl\":\"https:\\\/\\\/www.freiholtz.se\\\/thorvald\\\/wp-content\\\/uploads\\\/sites\\\/6\\\/2024\\\/01\\\/Thorvald_231222.jpg\",\"width\":1024,\"height\":1024},{\"@type\":\"BreadcrumbList\",\"@id\":\"https:\\\/\\\/www.freiholtz.se\\\/thorvald\\\/#breadcrumb\",\"itemListElement\":[{\"@type\":\"ListItem\",\"position\":1,\"name\":\"Hem\",\"item\":\"https:\\\/\\\/www.freiholtz.se\\\/thorvald\\\/\"},{\"@type\":\"ListItem\",\"position\":2,\"name\":\"V\u00e4lkommen till min hemsida!\"}]},{\"@type\":\"WebSite\",\"@id\":\"https:\\\/\\\/www.freiholtz.se\\\/thorvald\\\/#website\",\"url\":\"https:\\\/\\\/www.freiholtz.se\\\/thorvald\\\/\",\"name\":\"Thorvalds hemsida\",\"description\":\"\",\"potentialAction\":[{\"@type\":\"SearchAction\",\"target\":{\"@type\":\"EntryPoint\",\"urlTemplate\":\"https:\\\/\\\/www.freiholtz.se\\\/thorvald\\\/?s={search_term_string}\"},\"query-input\":{\"@type\":\"PropertyValueSpecification\",\"valueRequired\":true,\"valueName\":\"search_term_string\"}}],\"inLanguage\":\"sv-SE\"}]}<\/script>\n<!-- \/ Yoast SEO plugin. -->","yoast_head_json":{"title":"V\u00e4lkommen till min hemsida! - Thorvalds hemsida","robots":{"index":"index","follow":"follow","max-snippet":"max-snippet:-1","max-image-preview":"max-image-preview:large","max-video-preview":"max-video-preview:-1"},"canonical":"https:\/\/www.freiholtz.se\/thorvald\/","og_locale":"sv_SE","og_type":"article","og_title":"V\u00e4lkommen till min hemsida! - Thorvalds hemsida","og_description":"H\u00e4r kommer mer inneh\u00e5ll s\u00e5 sm\u00e5ningom&#8230;","og_url":"https:\/\/www.freiholtz.se\/thorvald\/","og_site_name":"Thorvalds hemsida","article_modified_time":"2024-01-01T11:07:51+00:00","og_image":[{"url":"https:\/\/www.freiholtz.se\/thorvald\/wp-content\/uploads\/sites\/6\/2024\/01\/Thorvald_231222.jpg","type":"","width":"","height":""}],"twitter_card":"summary_large_image","twitter_misc":{"Ber\u00e4knad l\u00e4stid":"1 minut"},"schema":{"@context":"https:\/\/schema.org","@graph":[{"@type":"WebPage","@id":"https:\/\/www.freiholtz.se\/thorvald\/","url":"https:\/\/www.freiholtz.se\/thorvald\/","name":"V\u00e4lkommen till min hemsida! - Thorvalds hemsida","isPartOf":{"@id":"https:\/\/www.freiholtz.se\/thorvald\/#website"},"primaryImageOfPage":{"@id":"https:\/\/www.freiholtz.se\/thorvald\/#primaryimage"},"image":{"@id":"https:\/\/www.freiholtz.se\/thorvald\/#primaryimage"},"thumbnailUrl":"https:\/\/www.freiholtz.se\/thorvald\/wp-content\/uploads\/sites\/6\/2024\/01\/Thorvald_231222.jpg","datePublished":"2024-01-01T10:49:04+00:00","dateModified":"2024-01-01T11:07:51+00:00","breadcrumb":{"@id":"https:\/\/www.freiholtz.se\/thorvald\/#breadcrumb"},"inLanguage":"sv-SE","potentialAction":[{"@type":"ReadAction","target":["https:\/\/www.freiholtz.se\/thorvald\/"]}]},{"@type":"ImageObject","inLanguage":"sv-SE","@id":"https:\/\/www.freiholtz.se\/thorvald\/#primaryimage","url":"https:\/\/www.freiholtz.se\/thorvald\/wp-content\/uploads\/sites\/6\/2024\/01\/Thorvald_231222.jpg","contentUrl":"https:\/\/www.freiholtz.se\/thorvald\/wp-content\/uploads\/sites\/6\/2024\/01\/Thorvald_231222.jpg","width":1024,"height":1024},{"@type":"BreadcrumbList","@id":"https:\/\/www.freiholtz.se\/thorvald\/#breadcrumb","itemListElement":[{"@type":"ListItem","position":1,"name":"Hem","item":"https:\/\/www.freiholtz.se\/thorvald\/"},{"@type":"ListItem","position":2,"name":"V\u00e4lkommen till min hemsida!"}]},{"@type":"WebSite","@id":"https:\/\/www.freiholtz.se\/thorvald\/#website","url":"https:\/\/www.freiholtz.se\/thorvald\/","name":"Thorvalds hemsida","description":"","potentialAction":[{"@type":"SearchAction","target":{"@type":"EntryPoint","urlTemplate":"https:\/\/www.freiholtz.se\/thorvald\/?s={search_term_string}"},"query-input":{"@type":"PropertyValueSpecification","valueRequired":true,"valueName":"search_term_string"}}],"inLanguage":"sv-SE"}]}},"_links":{"self":[{"href":"https:\/\/www.freiholtz.se\/thorvald\/wp-json\/wp\/v2\/pages\/4","targetHints":{"allow":["GET"]}}],"collection":[{"href":"https:\/\/www.freiholtz.se\/thorvald\/wp-json\/wp\/v2\/pages"}],"about":[{"href":"https:\/\/www.freiholtz.se\/thorvald\/wp-json\/wp\/v2\/types\/page"}],"author":[{"embeddable":true,"href":"https:\/\/www.freiholtz.se\/thorvald\/wp-json\/wp\/v2\/users\/1"}],"replies":[{"embeddable":true,"href":"https:\/\/www.freiholtz.se\/thorvald\/wp-json\/wp\/v2\/comments?post=4"}],"version-history":[{"count":4,"href":"https:\/\/www.freiholtz.se\/thorvald\/wp-json\/wp\/v2\/pages\/4\/revisions"}],"predecessor-version":[{"id":19,"href":"https:\/\/www.freiholtz.se\/thorvald\/wp-json\/wp\/v2\/pages\/4\/revisions\/19"}],"wp:attachment":[{"href":"https:\/\/www.freiholtz.se\/thorvald\/wp-json\/wp\/v2\/media?parent=4"}],"curies":[{"name":"wp","href":"https:\/\/api.w.org\/{rel}","templated":true}]}}