{"id":8,"date":"2008-12-26T15:10:10","date_gmt":"2008-12-26T14:10:10","guid":{"rendered":"http:\/\/www.freiholtz.se\/genealogi\/?page_id=8"},"modified":"2025-06-09T15:43:01","modified_gmt":"2025-06-09T13:43:01","slug":"slaktbok","status":"publish","type":"page","link":"https:\/\/www.freiholtz.se\/genealogi\/slaktbok\/","title":{"rendered":"Sl\u00e4ktbok"},"content":{"rendered":"<p><span style=\"font-size: revert;\">F\u00f6r n\u00e4rvarande kan jag inte erbjuda en aktuell version av sl\u00e4ktboken.<\/span><\/p>\n<p>Jag \u00e5terkommer med information n\u00e4r en ny version av sl\u00e4ktboken \u00e4r p\u00e5 g\u00e5ng.<\/p>\n","protected":false},"excerpt":{"rendered":"<p>F\u00f6r n\u00e4rvarande kan jag inte erbjuda en aktuell version av sl\u00e4ktboken. Jag \u00e5terkommer med information n\u00e4r en ny version av sl\u00e4ktboken \u00e4r p\u00e5 g\u00e5ng.<\/p>\n","protected":false},"author":1,"featured_media":0,"parent":0,"menu_order":2,"comment_status":"open","ping_status":"open","template":"","meta":{"_monsterinsights_skip_tracking":false,"_monsterinsights_sitenote_active":false,"_monsterinsights_sitenote_note":"","_monsterinsights_sitenote_category":0,"footnotes":""},"class_list":["post-8","page","type-page","status-publish","hentry"],"yoast_head":"<!-- This site is optimized with the Yoast SEO plugin v27.4 - https:\/\/yoast.com\/product\/yoast-seo-wordpress\/ -->\n<title>Sl\u00e4ktbok - Freiholtz Sl\u00e4ktforskning<\/title>\n<meta name=\"robots\" content=\"index, follow, max-snippet:-1, max-image-preview:large, max-video-preview:-1\" \/>\n<link rel=\"canonical\" href=\"https:\/\/www.freiholtz.se\/genealogi\/slaktbok\/\" \/>\n<meta property=\"og:locale\" content=\"sv_SE\" \/>\n<meta property=\"og:type\" content=\"article\" \/>\n<meta property=\"og:title\" content=\"Sl\u00e4ktbok - Freiholtz Sl\u00e4ktforskning\" \/>\n<meta property=\"og:description\" content=\"F\u00f6r n\u00e4rvarande kan jag inte erbjuda en aktuell version av sl\u00e4ktboken. Jag \u00e5terkommer med information n\u00e4r en ny version av sl\u00e4ktboken \u00e4r p\u00e5 g\u00e5ng.\" \/>\n<meta property=\"og:url\" content=\"https:\/\/www.freiholtz.se\/genealogi\/slaktbok\/\" \/>\n<meta property=\"og:site_name\" content=\"Freiholtz Sl\u00e4ktforskning\" \/>\n<meta property=\"article:modified_time\" content=\"2025-06-09T13:43:01+00:00\" \/>\n<meta name=\"twitter:card\" content=\"summary_large_image\" \/>\n<meta name=\"twitter:label1\" content=\"Ber\u00e4knad l\u00e4stid\" \/>\n\t<meta name=\"twitter:data1\" content=\"1 minut\" \/>\n<script type=\"application\/ld+json\" class=\"yoast-schema-graph\">{\"@context\":\"https:\\\/\\\/schema.org\",\"@graph\":[{\"@type\":\"WebPage\",\"@id\":\"https:\\\/\\\/www.freiholtz.se\\\/genealogi\\\/slaktbok\\\/\",\"url\":\"https:\\\/\\\/www.freiholtz.se\\\/genealogi\\\/slaktbok\\\/\",\"name\":\"Sl\u00e4ktbok - Freiholtz Sl\u00e4ktforskning\",\"isPartOf\":{\"@id\":\"https:\\\/\\\/www.freiholtz.se\\\/genealogi\\\/#website\"},\"datePublished\":\"2008-12-26T14:10:10+00:00\",\"dateModified\":\"2025-06-09T13:43:01+00:00\",\"breadcrumb\":{\"@id\":\"https:\\\/\\\/www.freiholtz.se\\\/genealogi\\\/slaktbok\\\/#breadcrumb\"},\"inLanguage\":\"sv-SE\",\"potentialAction\":[{\"@type\":\"ReadAction\",\"target\":[\"https:\\\/\\\/www.freiholtz.se\\\/genealogi\\\/slaktbok\\\/\"]}]},{\"@type\":\"BreadcrumbList\",\"@id\":\"https:\\\/\\\/www.freiholtz.se\\\/genealogi\\\/slaktbok\\\/#breadcrumb\",\"itemListElement\":[{\"@type\":\"ListItem\",\"position\":1,\"name\":\"Hem\",\"item\":\"https:\\\/\\\/www.freiholtz.se\\\/genealogi\\\/\"},{\"@type\":\"ListItem\",\"position\":2,\"name\":\"Sl\u00e4ktbok\"}]},{\"@type\":\"WebSite\",\"@id\":\"https:\\\/\\\/www.freiholtz.se\\\/genealogi\\\/#website\",\"url\":\"https:\\\/\\\/www.freiholtz.se\\\/genealogi\\\/\",\"name\":\"Freiholtz Sl\u00e4ktforskning\",\"description\":\"\u00c4ttlingar till J\u00fcrgen Joachim Freiholtz\",\"potentialAction\":[{\"@type\":\"SearchAction\",\"target\":{\"@type\":\"EntryPoint\",\"urlTemplate\":\"https:\\\/\\\/www.freiholtz.se\\\/genealogi\\\/?s={search_term_string}\"},\"query-input\":{\"@type\":\"PropertyValueSpecification\",\"valueRequired\":true,\"valueName\":\"search_term_string\"}}],\"inLanguage\":\"sv-SE\"}]}<\/script>\n<!-- \/ Yoast SEO plugin. -->","yoast_head_json":{"title":"Sl\u00e4ktbok - Freiholtz Sl\u00e4ktforskning","robots":{"index":"index","follow":"follow","max-snippet":"max-snippet:-1","max-image-preview":"max-image-preview:large","max-video-preview":"max-video-preview:-1"},"canonical":"https:\/\/www.freiholtz.se\/genealogi\/slaktbok\/","og_locale":"sv_SE","og_type":"article","og_title":"Sl\u00e4ktbok - Freiholtz Sl\u00e4ktforskning","og_description":"F\u00f6r n\u00e4rvarande kan jag inte erbjuda en aktuell version av sl\u00e4ktboken. Jag \u00e5terkommer med information n\u00e4r en ny version av sl\u00e4ktboken \u00e4r p\u00e5 g\u00e5ng.","og_url":"https:\/\/www.freiholtz.se\/genealogi\/slaktbok\/","og_site_name":"Freiholtz Sl\u00e4ktforskning","article_modified_time":"2025-06-09T13:43:01+00:00","twitter_card":"summary_large_image","twitter_misc":{"Ber\u00e4knad l\u00e4stid":"1 minut"},"schema":{"@context":"https:\/\/schema.org","@graph":[{"@type":"WebPage","@id":"https:\/\/www.freiholtz.se\/genealogi\/slaktbok\/","url":"https:\/\/www.freiholtz.se\/genealogi\/slaktbok\/","name":"Sl\u00e4ktbok - Freiholtz Sl\u00e4ktforskning","isPartOf":{"@id":"https:\/\/www.freiholtz.se\/genealogi\/#website"},"datePublished":"2008-12-26T14:10:10+00:00","dateModified":"2025-06-09T13:43:01+00:00","breadcrumb":{"@id":"https:\/\/www.freiholtz.se\/genealogi\/slaktbok\/#breadcrumb"},"inLanguage":"sv-SE","potentialAction":[{"@type":"ReadAction","target":["https:\/\/www.freiholtz.se\/genealogi\/slaktbok\/"]}]},{"@type":"BreadcrumbList","@id":"https:\/\/www.freiholtz.se\/genealogi\/slaktbok\/#breadcrumb","itemListElement":[{"@type":"ListItem","position":1,"name":"Hem","item":"https:\/\/www.freiholtz.se\/genealogi\/"},{"@type":"ListItem","position":2,"name":"Sl\u00e4ktbok"}]},{"@type":"WebSite","@id":"https:\/\/www.freiholtz.se\/genealogi\/#website","url":"https:\/\/www.freiholtz.se\/genealogi\/","name":"Freiholtz Sl\u00e4ktforskning","description":"\u00c4ttlingar till J\u00fcrgen Joachim Freiholtz","potentialAction":[{"@type":"SearchAction","target":{"@type":"EntryPoint","urlTemplate":"https:\/\/www.freiholtz.se\/genealogi\/?s={search_term_string}"},"query-input":{"@type":"PropertyValueSpecification","valueRequired":true,"valueName":"search_term_string"}}],"inLanguage":"sv-SE"}]}},"_links":{"self":[{"href":"https:\/\/www.freiholtz.se\/genealogi\/wp-json\/wp\/v2\/pages\/8","targetHints":{"allow":["GET"]}}],"collection":[{"href":"https:\/\/www.freiholtz.se\/genealogi\/wp-json\/wp\/v2\/pages"}],"about":[{"href":"https:\/\/www.freiholtz.se\/genealogi\/wp-json\/wp\/v2\/types\/page"}],"author":[{"embeddable":true,"href":"https:\/\/www.freiholtz.se\/genealogi\/wp-json\/wp\/v2\/users\/1"}],"replies":[{"embeddable":true,"href":"https:\/\/www.freiholtz.se\/genealogi\/wp-json\/wp\/v2\/comments?post=8"}],"version-history":[{"count":2,"href":"https:\/\/www.freiholtz.se\/genealogi\/wp-json\/wp\/v2\/pages\/8\/revisions"}],"predecessor-version":[{"id":244,"href":"https:\/\/www.freiholtz.se\/genealogi\/wp-json\/wp\/v2\/pages\/8\/revisions\/244"}],"wp:attachment":[{"href":"https:\/\/www.freiholtz.se\/genealogi\/wp-json\/wp\/v2\/media?parent=8"}],"curies":[{"name":"wp","href":"https:\/\/api.w.org\/{rel}","templated":true}]}}