{"id":6,"date":"2008-12-26T13:53:00","date_gmt":"2008-12-26T12:53:00","guid":{"rendered":"http:\/\/www.freiholtz.se\/genealogi\/?page_id=2"},"modified":"2008-12-26T13:53:00","modified_gmt":"2008-12-26T12:53:00","slug":"om","status":"publish","type":"page","link":"https:\/\/www.freiholtz.se\/genealogi\/om\/","title":{"rendered":"Om webbplatsen"},"content":{"rendered":"<p>P\u00e5 dessa sidor redovisas \u00f6versiktligt resultatet av den forskning i sl\u00e4kten Freiholtz historia som bedrivits av Karl-Gustaf Freiholtz. Karl-Gustaf har gjort en verklig pionj\u00e4rinsats, men har nu med \u00e5lderns r\u00e4tt avslutat det aktiva sl\u00e4ktforskningsarbetet.<\/p>\n<p>Jag, Thorvald Freiholtz, avser att ta vid d\u00e4r Karl-Gustaf har slutat. P\u00e5 sikt vill jag ta fram en komplett redovisning av \u00e4ttlingarna till Johan Philip och Erdman Hans Freiholtz, de tv\u00e5 tyska br\u00f6der som invandrade till Sverige i skiftet mellan 1700- och 1800-talet.<\/p>\n<p>Dessa sl\u00e4ktsidor har jag t\u00e4nkt ska vara en redovisning av l\u00e4get p\u00e5 forskningsfronten och samtidigt ett verktyg i det fortsatta arbetet. Sidorna \u00e4r indelade i f\u00f6ljande avsnitt:<\/p>\n<h3>Sl\u00e4ktens historia<\/h3>\n<p>I detta avsnitt beskrivs sl\u00e4ktens tyska ursprung samt hur den f\u00f6rgrenats till Sverige, Schweiz, Polen, Ryssland och USA. H\u00e4r ges ocks\u00e5 bakgrunden till sl\u00e4ktnamnet och sl\u00e4ktvapnet.<\/p>\n<h3>Sl\u00e4ktbok<\/h3>\n<p>Resultatet av sl\u00e4ktforskningsarbetet har sammanst\u00e4llts i en sl\u00e4ktbok som inneh\u00e5ller mer detaljerad information \u00e4n stamtavlan. P\u00e5 denna sida ges information om boken samt tv\u00e5 exempel p\u00e5 biografier ur boken:<br \/>\n<a class=\"text\" href=\"http:\/\/freiholtz.se\/genealogi\/slaktbok\/biografi-johan-philip-freiholtz\/\"><strong>Johan Philip<\/strong><\/a> &#8211; den f\u00f6rste &#8221;Freiholtzaren&#8221; i Sverige<br \/>\n<a class=\"text\" href=\"http:\/\/freiholtz.se\/genealogi\/slaktbok\/biografi-karl-gustaf-freiholtz\/\"><strong>Karl-Gustaf<\/strong><\/a> &#8211; f\u00f6reg\u00e5ngaren i forskningen om sl\u00e4kten Freiholtz.<br \/>\nH\u00e4r kan du ocks\u00e5 best\u00e4lla sl\u00e4ktboken.<\/p>\n<h3>Stamtavla<\/h3>\n<p>En stamtavla med de svenska \u00e4ttlingarna till J\u00fcrgen Joachim Freiholz, den f\u00f6rste k\u00e4nde &#8221;Freiholzaren&#8221;.<\/p>\n","protected":false},"excerpt":{"rendered":"<p>P\u00e5 dessa sidor redovisas \u00f6versiktligt resultatet av den forskning i sl\u00e4kten Freiholtz historia som bedrivits av Karl-Gustaf Freiholtz. Karl-Gustaf har gjort en verklig pionj\u00e4rinsats, men har nu med \u00e5lderns r\u00e4tt avslutat det aktiva sl\u00e4ktforskningsarbetet. Jag, Thorvald Freiholtz, avser att ta vid d\u00e4r Karl-Gustaf har slutat. P\u00e5 sikt vill jag ta fram en komplett redovisning av&#8230;<\/p>\n","protected":false},"author":1,"featured_media":0,"parent":0,"menu_order":5,"comment_status":"open","ping_status":"open","template":"","meta":{"_monsterinsights_skip_tracking":false,"_monsterinsights_sitenote_active":false,"_monsterinsights_sitenote_note":"","_monsterinsights_sitenote_category":0,"footnotes":""},"class_list":["post-6","page","type-page","status-publish","hentry"],"yoast_head":"<!-- This site is optimized with the Yoast SEO plugin v27.4 - https:\/\/yoast.com\/product\/yoast-seo-wordpress\/ -->\n<title>Om webbplatsen - Freiholtz Sl\u00e4ktforskning<\/title>\n<meta name=\"robots\" content=\"index, follow, max-snippet:-1, max-image-preview:large, max-video-preview:-1\" \/>\n<link rel=\"canonical\" href=\"https:\/\/www.freiholtz.se\/genealogi\/om\/\" \/>\n<meta property=\"og:locale\" content=\"sv_SE\" \/>\n<meta property=\"og:type\" content=\"article\" \/>\n<meta property=\"og:title\" content=\"Om webbplatsen - Freiholtz Sl\u00e4ktforskning\" \/>\n<meta property=\"og:description\" content=\"P\u00e5 dessa sidor redovisas \u00f6versiktligt resultatet av den forskning i sl\u00e4kten Freiholtz historia som bedrivits av Karl-Gustaf Freiholtz. Karl-Gustaf har gjort en verklig pionj\u00e4rinsats, men har nu med \u00e5lderns r\u00e4tt avslutat det aktiva sl\u00e4ktforskningsarbetet. Jag, Thorvald Freiholtz, avser att ta vid d\u00e4r Karl-Gustaf har slutat. P\u00e5 sikt vill jag ta fram en komplett redovisning av...\" \/>\n<meta property=\"og:url\" content=\"https:\/\/www.freiholtz.se\/genealogi\/om\/\" \/>\n<meta property=\"og:site_name\" content=\"Freiholtz Sl\u00e4ktforskning\" \/>\n<meta name=\"twitter:card\" content=\"summary_large_image\" \/>\n<meta name=\"twitter:label1\" content=\"Ber\u00e4knad l\u00e4stid\" \/>\n\t<meta name=\"twitter:data1\" content=\"1 minut\" \/>\n<script type=\"application\/ld+json\" class=\"yoast-schema-graph\">{\"@context\":\"https:\\\/\\\/schema.org\",\"@graph\":[{\"@type\":\"WebPage\",\"@id\":\"https:\\\/\\\/www.freiholtz.se\\\/genealogi\\\/om\\\/\",\"url\":\"https:\\\/\\\/www.freiholtz.se\\\/genealogi\\\/om\\\/\",\"name\":\"Om webbplatsen - Freiholtz Sl\u00e4ktforskning\",\"isPartOf\":{\"@id\":\"https:\\\/\\\/www.freiholtz.se\\\/genealogi\\\/#website\"},\"datePublished\":\"2008-12-26T12:53:00+00:00\",\"breadcrumb\":{\"@id\":\"https:\\\/\\\/www.freiholtz.se\\\/genealogi\\\/om\\\/#breadcrumb\"},\"inLanguage\":\"sv-SE\",\"potentialAction\":[{\"@type\":\"ReadAction\",\"target\":[\"https:\\\/\\\/www.freiholtz.se\\\/genealogi\\\/om\\\/\"]}]},{\"@type\":\"BreadcrumbList\",\"@id\":\"https:\\\/\\\/www.freiholtz.se\\\/genealogi\\\/om\\\/#breadcrumb\",\"itemListElement\":[{\"@type\":\"ListItem\",\"position\":1,\"name\":\"Hem\",\"item\":\"https:\\\/\\\/www.freiholtz.se\\\/genealogi\\\/\"},{\"@type\":\"ListItem\",\"position\":2,\"name\":\"Om webbplatsen\"}]},{\"@type\":\"WebSite\",\"@id\":\"https:\\\/\\\/www.freiholtz.se\\\/genealogi\\\/#website\",\"url\":\"https:\\\/\\\/www.freiholtz.se\\\/genealogi\\\/\",\"name\":\"Freiholtz Sl\u00e4ktforskning\",\"description\":\"\u00c4ttlingar till J\u00fcrgen Joachim Freiholtz\",\"potentialAction\":[{\"@type\":\"SearchAction\",\"target\":{\"@type\":\"EntryPoint\",\"urlTemplate\":\"https:\\\/\\\/www.freiholtz.se\\\/genealogi\\\/?s={search_term_string}\"},\"query-input\":{\"@type\":\"PropertyValueSpecification\",\"valueRequired\":true,\"valueName\":\"search_term_string\"}}],\"inLanguage\":\"sv-SE\"}]}<\/script>\n<!-- \/ Yoast SEO plugin. -->","yoast_head_json":{"title":"Om webbplatsen - Freiholtz Sl\u00e4ktforskning","robots":{"index":"index","follow":"follow","max-snippet":"max-snippet:-1","max-image-preview":"max-image-preview:large","max-video-preview":"max-video-preview:-1"},"canonical":"https:\/\/www.freiholtz.se\/genealogi\/om\/","og_locale":"sv_SE","og_type":"article","og_title":"Om webbplatsen - Freiholtz Sl\u00e4ktforskning","og_description":"P\u00e5 dessa sidor redovisas \u00f6versiktligt resultatet av den forskning i sl\u00e4kten Freiholtz historia som bedrivits av Karl-Gustaf Freiholtz. Karl-Gustaf har gjort en verklig pionj\u00e4rinsats, men har nu med \u00e5lderns r\u00e4tt avslutat det aktiva sl\u00e4ktforskningsarbetet. Jag, Thorvald Freiholtz, avser att ta vid d\u00e4r Karl-Gustaf har slutat. P\u00e5 sikt vill jag ta fram en komplett redovisning av...","og_url":"https:\/\/www.freiholtz.se\/genealogi\/om\/","og_site_name":"Freiholtz Sl\u00e4ktforskning","twitter_card":"summary_large_image","twitter_misc":{"Ber\u00e4knad l\u00e4stid":"1 minut"},"schema":{"@context":"https:\/\/schema.org","@graph":[{"@type":"WebPage","@id":"https:\/\/www.freiholtz.se\/genealogi\/om\/","url":"https:\/\/www.freiholtz.se\/genealogi\/om\/","name":"Om webbplatsen - Freiholtz Sl\u00e4ktforskning","isPartOf":{"@id":"https:\/\/www.freiholtz.se\/genealogi\/#website"},"datePublished":"2008-12-26T12:53:00+00:00","breadcrumb":{"@id":"https:\/\/www.freiholtz.se\/genealogi\/om\/#breadcrumb"},"inLanguage":"sv-SE","potentialAction":[{"@type":"ReadAction","target":["https:\/\/www.freiholtz.se\/genealogi\/om\/"]}]},{"@type":"BreadcrumbList","@id":"https:\/\/www.freiholtz.se\/genealogi\/om\/#breadcrumb","itemListElement":[{"@type":"ListItem","position":1,"name":"Hem","item":"https:\/\/www.freiholtz.se\/genealogi\/"},{"@type":"ListItem","position":2,"name":"Om webbplatsen"}]},{"@type":"WebSite","@id":"https:\/\/www.freiholtz.se\/genealogi\/#website","url":"https:\/\/www.freiholtz.se\/genealogi\/","name":"Freiholtz Sl\u00e4ktforskning","description":"\u00c4ttlingar till J\u00fcrgen Joachim Freiholtz","potentialAction":[{"@type":"SearchAction","target":{"@type":"EntryPoint","urlTemplate":"https:\/\/www.freiholtz.se\/genealogi\/?s={search_term_string}"},"query-input":{"@type":"PropertyValueSpecification","valueRequired":true,"valueName":"search_term_string"}}],"inLanguage":"sv-SE"}]}},"_links":{"self":[{"href":"https:\/\/www.freiholtz.se\/genealogi\/wp-json\/wp\/v2\/pages\/6","targetHints":{"allow":["GET"]}}],"collection":[{"href":"https:\/\/www.freiholtz.se\/genealogi\/wp-json\/wp\/v2\/pages"}],"about":[{"href":"https:\/\/www.freiholtz.se\/genealogi\/wp-json\/wp\/v2\/types\/page"}],"author":[{"embeddable":true,"href":"https:\/\/www.freiholtz.se\/genealogi\/wp-json\/wp\/v2\/users\/1"}],"replies":[{"embeddable":true,"href":"https:\/\/www.freiholtz.se\/genealogi\/wp-json\/wp\/v2\/comments?post=6"}],"version-history":[{"count":0,"href":"https:\/\/www.freiholtz.se\/genealogi\/wp-json\/wp\/v2\/pages\/6\/revisions"}],"wp:attachment":[{"href":"https:\/\/www.freiholtz.se\/genealogi\/wp-json\/wp\/v2\/media?parent=6"}],"curies":[{"name":"wp","href":"https:\/\/api.w.org\/{rel}","templated":true}]}}