{"id":27,"date":"2008-12-26T15:26:43","date_gmt":"2008-12-26T14:26:43","guid":{"rendered":"http:\/\/www.freiholtz.se\/genealogi\/?page_id=27"},"modified":"2008-12-26T15:26:43","modified_gmt":"2008-12-26T14:26:43","slug":"personregister-f","status":"publish","type":"page","link":"https:\/\/www.freiholtz.se\/genealogi\/stamtavla\/personregister-f\/","title":{"rendered":"Personregister F"},"content":{"rendered":"<p>Falkman, Ida (1972 &#8211; )<br \/>\nFast, Ulla Anita (1951 &#8211; )<br \/>\nFinl\u00f6v, Erika (1981 &#8211; )<br \/>\nFinl\u00f6v, Harald (1949 &#8211; )<br \/>\nFinl\u00f6v, Linda (1979 &#8211; )<br \/>\nFinl\u00f6v, Martin (1984 &#8211; )<br \/>\nForsberg, Disa Margareta Anette (1914 &#8211; )<br \/>\nForsberg, Folke Sigfrid Gabriel (1912 &#8211; 1991)<br \/>\nForsberg, Folke Sigfrid (- 1957)<br \/>\nForsberg, Gunilla (1927 &#8211; )<br \/>\nForsberg, Hans Harry (1935 &#8211; 1992)<br \/>\nForsberg, Hans Martin (1971 &#8211; )<br \/>\nForsberg, Jonas Henrik (1972 &#8211; )<br \/>\nFransson, Mats Albin (2000 &#8211; )<br \/>\nFransson, Mats Fredrik Johan<br \/>\nFreiholtz Stampf, Jimmy Johan Bror (1990 &#8211; )<br \/>\nFreiholtz Wheeler, Matilda Victoria (1998 &#8211; )<br \/>\nFreiholtz, Alexander Benjamin (1824 &#8211; 1886)<br \/>\nFreiholtz, Alexander Julius (1890 &#8211; 1894)<br \/>\nFreiholtz, Alexander Julius (1895 &#8211; 1979)<br \/>\nFreiholtz, Alf Olof (Olle) (1920 &#8211; 2003)<br \/>\nFreiholtz, Amanda Viola (1982 &#8211; )<br \/>\nFreiholtz, Anders Bertil (1918 &#8211; 1985)<br \/>\nFreiholtz, Anders Evald (1904 &#8211; 1976)<br \/>\nFreiholtz, Anders Gustav (1878 &#8211; 1937)<br \/>\nFreiholtz, Anders Johan (1874 &#8211; 1953)<br \/>\nFreiholtz, Anders Robert (1991 &#8211; )<br \/>\nFreiholtz, Anders Verner (1897 &#8211; 1987)<br \/>\nFreiholtz, Andreas Hans (1999 &#8211; )<br \/>\nFreiholtz, Anna Albertina Josephina (1842 &#8211; )<br \/>\nFreiholtz, Anna Amanda (1994 &#8211; )<br \/>\nFreiholtz, Anna Britta (1922 &#8211; 1935)<br \/>\nFreiholtz, Anna Charlotta (1980 &#8211; )<br \/>\nFreiholtz, Anna Elisabeth (Lisa) (1914 &#8211; 1980)<br \/>\nFreiholtz, Anna Elisabeth (1972 &#8211; )<br \/>\nFreiholtz, Anna Gustava (1891 &#8211; 1905)<br \/>\nFreiholtz, Anna Lovisa (1854 &#8211; 1854)<br \/>\nFreiholtz, Anna Lovisa (1856 &#8211; 1934)<br \/>\nFreiholtz, Anna-Lovisa (1883 &#8211; )<br \/>\nFreiholtz, Anna Maria (1978 &#8211; )<br \/>\nFreiholtz, Anna Marianne (1983 &#8211; )<br \/>\nFreiholtz, Anna Martina (1985 &#8211; )<br \/>\nFreiholtz, Anna Matilda (1909 &#8211; 1998)<br \/>\nFreiholtz, Anna Olivia (1891 &#8211; 1974)<br \/>\nFreiholtz, Anna Sofia (1885 &#8211; )<br \/>\nFreiholtz, Anna Sofie Carina (1975 &#8211; )<br \/>\nFreiholtz, Anna Teresia (1889 &#8211; )<br \/>\nFreiholtz, Anna (1971 &#8211; )<br \/>\nFreiholtz, Annicka (1983 &#8211; )<br \/>\nFreiholtz, Annika Maria Jeanette (1974 &#8211; )<br \/>\nFreiholtz, Anton (1811 &#8211; 1829)<br \/>\nFreiholtz, Anton (1849 &#8211; 1922)<br \/>\nFreiholtz, August (1856 &#8211; 1903)<br \/>\nFreiholtz, Augusta Charlotta (1892 &#8211; )<br \/>\nFreiholtz, Axel Ivar (1882 &#8211; 1954)<br \/>\nFreiholtz, Axel Vitalis (1895 &#8211; )<br \/>\nFreiholtz, Barbro Kristina (1944 &#8211; )<br \/>\nFreiholtz, Barbro (- 1997)<br \/>\nFreiholtz, Beda Maria (1875 &#8211; 1964)<br \/>\nFreiholtz, Bengt Erik (1950 &#8211; )<br \/>\nFreiholtz, Bengt Niklas (1980 &#8211; )<br \/>\nFreiholtz, Bengt (1946 &#8211; )<br \/>\nFreiholtz, Bernhardina Wilhelmina Helena (1839 &#8211; 1873)<br \/>\nFreiholtz, Bernt Hugo (1947 &#8211; )<br \/>\nFreiholtz, Birger Thorvald (1956 &#8211; )<br \/>\nFreiholtz, Bj\u00f6rn (1952 &#8211; )<br \/>\nFreiholtz, Bo Sune (1952 &#8211; )<br \/>\nFreiholtz, Britt Maria Natilda<br \/>\nFreiholtz, Bror G\u00f6sta Gunnar (1891 &#8211; 1976)<br \/>\nFreiholtz, Bror Ingemar (1958 &#8211; )<br \/>\nFreiholtz, Bror Mikael (1982 &#8211; )<br \/>\nFreiholtz, Bror (1932 &#8211; 1939)<br \/>\nFreiholtz, Camilla (1985 &#8211; )<br \/>\nFreiholtz, Carl Gustaf Markus (1904 &#8211; 1942)<br \/>\nFreiholtz, Carl-Gustaf Tomas (1949 &#8211; )<br \/>\nFreiholtz, Carl Otto (1860 &#8211; 1935)<br \/>\nFreiholtz, Carl Reinhold (1817 &#8211; 1818)<br \/>\nFreiholtz, Carolina (1832 &#8211; )<br \/>\nFreiholtz, Cecilia Lydia (1977 &#8211; )<br \/>\nFreiholtz, Charlotta (Lotta) (1853 &#8211; 1919)<br \/>\nFreiholtz, Charlotta Linnea (1981 &#8211; )<br \/>\nFreiholtz, Charlotta (1846 &#8211; 1846)<br \/>\nFreiholtz, Conny (1949 &#8211; )<br \/>\nFreiholtz, Conrad Emanuel (1943 &#8211; )<br \/>\nFreiholtz, Dan Allan (1956 &#8211; )<br \/>\nFreiholtz, Dan Markus Christofer (1983 &#8211; )<br \/>\nFreiholtz, David (1889 &#8211; 1968)<br \/>\nFreiholtz, Doris Birgitta (1915 &#8211; 1964)<br \/>\nFreiholtz, Dorothea Elisabeth (1811 &#8211; (22 &#8230; 1844))<br \/>\nFreiholtz, D\u00f6df\u00f6tt gossebarn (1852 &#8211; 1852)<br \/>\nFreiholtz, Ebba Charlotta (1912 &#8211; 1992)<br \/>\nFreiholtz, Edit (1888 &#8211; 1974)<br \/>\nFreiholtz, Edvard Emanuel (1908 &#8211; 1981)<br \/>\nFreiholtz, Ejnar Rudolf (1899 &#8211; 1929)<br \/>\nFreiholtz, Elin Dawida (1880 &#8211; 1904)<br \/>\nFreiholtz, Elin Hildur (1884 &#8211; 1959)<br \/>\nFreiholtz, Elin Josefina (1918 &#8211; )<br \/>\nFreiholtz, Elin (1912 &#8211; 2001)<br \/>\nFreiholtz, Ellen Juliana (1900 &#8211; 1993)<br \/>\nFreiholtz, Ellen Maria (1989 &#8211; )<br \/>\nFreiholtz, Elsa Linnea (1932 &#8211; )<br \/>\nFreiholtz, Elsa (1920 &#8211; 1921)<br \/>\nFreiholtz, Elvira Johanna Charlotta (1844 &#8211; 1931)<br \/>\nFreiholtz, Emil<br \/>\nFreiholtz, Emma Amalia Sara (1846 &#8211; 1921)<br \/>\nFreiholtz, Emma Kristina (1985 &#8211; )<br \/>\nFreiholtz, Emma Terese (1983 &#8211; )<br \/>\nFreiholtz, Erdman Hans (1773 &#8211; 1829)<br \/>\nFreiholtz, Eric Conrad (1972 &#8211; )<br \/>\nFreiholtz, Erica Evelina (1987 &#8211; )<br \/>\nFreiholtz, Erik Alexander (1975 &#8211; )<br \/>\nFreiholtz, Erik Gunnar G\u00f6sta (1955 &#8211; )<br \/>\nFreiholtz, Erik Ingemar Kenneth (1949 &#8211; )<br \/>\nFreiholtz, Erik Ragnar (1926 &#8211; 1997)<br \/>\nFreiholtz, Erik Valdemar (1911 &#8211; 1971)<br \/>\nFreiholtz, Eva Birgitta (1946 &#8211; )<br \/>\nFreiholtz, Eva Britt-Elise (1947 &#8211; )<br \/>\nFreiholtz, Eva-Britt (1953 &#8211; 1954)<br \/>\nFreiholtz, Eva Debora Elisabeth (1968 &#8211; )<br \/>\nFreiholtz, Eva Marie Ellinor (1970 &#8211; )<br \/>\nFreiholtz, Ferdinand Reinhold (1863 &#8211; 1933)<br \/>\nFreiholtz, Fredrik (Friedrich) Christoffer (1805 &#8211; 1837)<br \/>\nFreiholtz, Fredrika Elisabeth (1809 &#8211; 1812)<br \/>\nFreiholtz, Fritz Evald Ingemar (1924 &#8211; 1980)<br \/>\nFreiholtz, Fritz Ferdinand (1893 &#8211; 1974)<br \/>\nFreiholtz, Gabriel (1814 &#8211; 1899)<br \/>\nFreiholtz, Gabriella Frida Christina (1974 &#8211; )<br \/>\nFreiholtz, Gert B\u00f6rje Gustav (1944 &#8211; )<br \/>\nFreiholtz, Greta Josefina (1914 &#8211; )<br \/>\nFreiholtz, Gustaf Algott (1906 &#8211; 1938)<br \/>\nFreiholtz, Gustaf Edvard (1880 &#8211; 1952)<br \/>\nFreiholtz, Gustaf Mauritz (1882 &#8211; 1906)<br \/>\nFreiholtz, Gustav Ertman (1813 &#8211; 1877)<br \/>\nFreiholtz, G\u00f6sta Ingvar (1918 &#8211; 1918)<br \/>\nFreiholtz, G\u00f6sta Roland (1919 &#8211; )<br \/>\nFreiholtz, G\u00f6te (1937 &#8211; )<br \/>\nFreiholtz, Hans Tomas (1955 &#8211; )<br \/>\nFreiholtz, Hedvig Charlotta (1978 &#8211; )<br \/>\nFreiholtz, Helen Beatrice Eleonor (1979 &#8211; )<br \/>\nFreiholtz, Helen Kristin (1978 &#8211; )<br \/>\nFreiholtz, Helena Anna Karin (1974 &#8211; )<br \/>\nFreiholtz, Helena Maria (1862 &#8211; 1862)<br \/>\nFreiholtz, Ida Linnea (1986 &#8211; )<br \/>\nFreiholtz, Ida Lovisa (1975 &#8211; )<br \/>\nFreiholtz, Ida (1857 &#8211; 1935)<br \/>\nFreiholtz, Inga Barbro (1928 &#8211; 1954)<br \/>\nFreiholtz, Inga Fredrika (1846 &#8211; 1881)<br \/>\nFreiholtz, Ingegerd (1946 &#8211; )<br \/>\nFreiholtz, Ingemar Mathias (1975 &#8211; )<br \/>\nFreiholtz, Inger Birgitta Desire (1974 &#8211; )<br \/>\nFreiholtz, Inger Cecilia (1974 &#8211; )<br \/>\nFreiholtz, Inger Kerstin Maria (1958 &#8211; )<br \/>\nFreiholtz, Ingrid Maria (1916 &#8211; )<br \/>\nFreiholtz, Ir\u00e9ne (1944 &#8211; )<br \/>\nFreiholtz, Irma Martha Christina (1959 &#8211; )<br \/>\nFreiholtz, Isabelle Clara Christina (1986 &#8211; )<br \/>\nFreiholtz, Ivar Lennart (1902 &#8211; 1978)<br \/>\nFreiholtz, Jan Conny Ingemar (1949 &#8211; )<br \/>\nFreiholtz, Jan Mikael Joakim (1971 &#8211; )<br \/>\nFreiholtz, Jan Olof (1950 &#8211; )<br \/>\nFreiholtz, Jan (1947 &#8211; )<br \/>\nFreiholtz, Jarl David (1980 &#8211; )<br \/>\nFreiholtz, Jennifer Birgitta Mari (1988 &#8211; )<br \/>\nFreiholtz, Jennifer Lovisa (2000 &#8211; )<br \/>\nFreiholtz, Jennifer Rusty (1974 &#8211; )<br \/>\nFreiholtz, Jens Ingemar Mattias (1976 &#8211; )<br \/>\nFreiholtz, Jesper Evald Fredrik (1989 &#8211; )<br \/>\nFreiholtz, Jessica Ann (1977 &#8211; )<br \/>\nFreiholtz, Johan Alfred (Alfrid) (1851 &#8211; 1911)<br \/>\nFreiholtz, Johan Alfred (1887 &#8211; )<br \/>\nFreiholtz, Johan August (1814 &#8211; 1814)<br \/>\nFreiholtz, Johan Ertman (1807 &#8211; 1886)<br \/>\nFreiholtz, Johan Fredric (1828 &#8211; 1829)<br \/>\nFreiholtz, Johan Hilmer (1906 &#8211; 1988)<br \/>\nFreiholtz, Johan Linus (1881 &#8211; 1882)<br \/>\nFreiholtz, Johan Martin Johannes (1990 &#8211; )<br \/>\nFreiholtz, Johan Philip (1776 &#8211; 1838)<br \/>\nFreiholtz, Johan Philip (1806 &#8211; )<br \/>\nFreiholtz, Johan (1840 &#8211; )<br \/>\nFreiholtz, Johan (1859 &#8211; )<br \/>\nFreiholtz, Johanna Christina (1981 &#8211; )<br \/>\nFreiholtz, Johanna Fredrica (1826 &#8211; )<br \/>\nFreiholtz, Johanna Maria (1853 &#8211; 1925)<br \/>\nFreiholtz, Johanna (1844 &#8211; )<br \/>\nFreiholtz, Johannes (1877 &#8211; 1941)<br \/>\nFreiholtz, John Birger (1921 &#8211; )<br \/>\nFreiholtz, John Joel (1980 &#8211; )<br \/>\nFreiholtz, John Olof (1916 &#8211; 1990)<br \/>\nFreiholtz, John Viktor (1885 &#8211; 1960)<br \/>\nFreiholtz, Jonas Erik (1983 &#8211; )<br \/>\nFreiholtz, Josef Alfred (1916 &#8211; 1985)<br \/>\nFreiholtz, Juliana Charlotta (1822 &#8211; 1838)<br \/>\nFreiholtz, J\u00f6rgen (1960 &#8211; )<br \/>\nFreiholtz, Karin Anneli (1967 &#8211; )<br \/>\nFreiholtz, Karin Sofia (1995 &#8211; )<br \/>\nFreiholtz, Karl Alvar (1902 &#8211; 1987)<br \/>\nFreiholtz, Karl Anton (1871 &#8211; 1956)<br \/>\nFreiholtz, Karl Gunnar (1915 &#8211; 1988)<br \/>\nFreiholtz, Karl-Gustaf (1921 &#8211; )<br \/>\nFreiholtz, Karl-G\u00f6ran (1922 &#8211; 1980)<br \/>\nFreiholtz, Karl Holger Gillbert (1920 &#8211; 1949)<br \/>\nFreiholtz, Karl Lennart Mikael (1969 &#8211; )<br \/>\nFreiholtz, Karl Ludvig (1893 &#8211; 1971)<br \/>\nFreiholtz, Karl Richard (1888 &#8211; 1974)<br \/>\nFreiholtz, Karl Simon (1992 &#8211; )<br \/>\nFreiholtz, Karl (1880 &#8211; 1954)<br \/>\nFreiholtz, Kenneth Gustav Viktor (1911 &#8211; 1987)<br \/>\nFreiholtz, Kent Evald Lennart (1953 &#8211; )<br \/>\nFreiholtz, Kent Rune Alfred (1945 &#8211; )<br \/>\nFreiholtz, Kerstin Elisabeth (1951 &#8211; )<br \/>\nFreiholtz, Kerstin Ingegerd (1931 &#8211; )<br \/>\nFreiholtz, Kerstin Linnea (1920 &#8211; )<br \/>\nFreiholtz, Klas G\u00f6ran (1945 &#8211; )<br \/>\nFreiholtz, Klas Samuel (1975 &#8211; )<br \/>\nFreiholtz, Kristoffer (1987 &#8211; )<br \/>\nFreiholtz, Laila Helen (1972 &#8211; )<br \/>\nFreiholtz, Lars (1945 &#8211; )<br \/>\nFreiholtz, Laura Kristina Teresia (1837 &#8211; 1873)<br \/>\nFreiholtz, Lena Elisabet (1935 &#8211; )<br \/>\nFreiholtz, Lena Rebecka Marie (1969 &#8211; )<br \/>\nFreiholtz, Lennart (1947 &#8211; )<br \/>\nFreiholtz, Linda Joyce (1950 &#8211; )<br \/>\nFreiholtz, Linda Marie Helen (1999 &#8211; )<br \/>\nFreiholtz, Linn\u00e9a Johanna Veronica (1996 &#8211; )<br \/>\nFreiholtz, Louise Angeli (1951 &#8211; )<br \/>\nFreiholtz, Lovisa Vilhelmina (1819 &#8211; 1873)<br \/>\nFreiholtz, Madeleine (1980 &#8211; )<br \/>\nFreiholtz, Magreth-Gun (1948 &#8211; )<br \/>\nFreiholtz, Marcus Tobias (1993 &#8211; )<br \/>\nFreiholtz, Margareta (1950 &#8211; )<br \/>\nFreiholtz, Maria Anne Charlotta<br \/>\nFreiholtz, Maria Charlotta (1805 &#8211; 1816)<br \/>\nFreiholtz, Maria Charlotta (1830 &#8211; )<br \/>\nFreiholtz, Maria Charlotte (1970 &#8211; )<br \/>\nFreiholtz, Maria Gunilla Birgitta (1979 &#8211; )<br \/>\nFreiholtz, Maria Kristina (1842 &#8211; 1893)<br \/>\nFreiholtz, Maria Kristina (1886 &#8211; 1954)<br \/>\nFreiholtz, Maria Stina (1842 &#8211; )<br \/>\nFreiholtz, Maria Theres\u00e9 (1972 &#8211; )<br \/>\nFreiholtz, Martina Caroline (1990 &#8211; )<br \/>\nFreiholtz, Matilda Josefina (1883 &#8211; 1953)<br \/>\nFreiholtz, Matilda (1989 &#8211; )<br \/>\nFreiholtz, Mats Olof (1949 &#8211; )<br \/>\nFreiholtz, Mattias John Oliv\u00e9r (1996 &#8211; )<br \/>\nFreiholtz, Mattias (1815 &#8211; 1884)<br \/>\nFreiholtz, Monica Elisabeth (1955 &#8211; )<br \/>\nFreiholtz, Niklas Kent Alexander (1986 &#8211; )<br \/>\nFreiholtz, Nils Oskar (1896 &#8211; 1896)<br \/>\nFreiholtz, Nina Maria (1893 &#8211; )<br \/>\nFreiholtz, Oliver Karl Peter (1997 &#8211; )<br \/>\nFreiholtz, Olof Alexander (1981 &#8211; )<br \/>\nFreiholtz, Olof Ingemar (1942 &#8211; )<br \/>\nFreiholtz, Oscar Samuel (1882 &#8211; 1934)<br \/>\nFreiholtz, Oskar Albin (1896 &#8211; 1977)<br \/>\nFreiholtz, Oskar Emanuel (1893 &#8211; )<br \/>\nFreiholtz, Oskar Valdemar (1910 &#8211; 1973)<br \/>\nFreiholtz, Oskar (1873 &#8211; 1960)<br \/>\nFreiholtz, Paulina Louise (1984 &#8211; )<br \/>\nFreiholtz, Per Anders (1968 &#8211; )<br \/>\nFreiholtz, Per Johan Anders (1983 &#8211; )<br \/>\nFreiholtz, Per Lennart (1991 &#8211; )<br \/>\nFreiholtz, Pernilla Sofi (1977 &#8211; )<br \/>\nFreiholtz, Pontus Erik Lennart (1988 &#8211; )<br \/>\nFreiholtz, Reinhold Alexander (1835 &#8211; )<br \/>\nFreiholtz, Richard Christopher (1978 &#8211; )<br \/>\nFreiholtz, Richard Noel (1945 &#8211; )<br \/>\nFreiholtz, Rikard (1982 &#8211; )<br \/>\nFreiholtz, Robert Niklas (1985 &#8211; )<br \/>\nFreiholtz, Roland Stellan (1953 &#8211; )<br \/>\nFreiholtz, Rolf Tage (1925 &#8211; )<br \/>\nFreiholtz, Runa Amanda (1931 &#8211; )<br \/>\nFreiholtz, Rune Sigvard (1916 &#8211; 1992)<br \/>\nFreiholtz, Ruth Astrid (1928 &#8211; )<br \/>\nFreiholtz, Ruth Carolina (1985 &#8211; )<br \/>\nFreiholtz, Ruth Emelia (1913 &#8211; 1987)<br \/>\nFreiholtz, Ruth Maria Viola (1917 &#8211; 1998)<br \/>\nFreiholtz, Samuel Natan (1984 &#8211; )<br \/>\nFreiholtz, Sara Alice (1995 &#8211; )<br \/>\nFreiholtz, Sara Kristine (1975 &#8211; )<br \/>\nFreiholtz, Sarah Malin Johanna (1974 &#8211; )<br \/>\nFreiholtz, Selma Nathalia Wiktoria (1849 &#8211; 1863)<br \/>\nFreiholtz, Sofia Helena (1980 &#8211; )<br \/>\nFreiholtz, Sofia (1862 &#8211; )<br \/>\nFreiholtz, Stephanie Jean (1969 &#8211; )<br \/>\nFreiholtz, Stig (1947 &#8211; )<br \/>\nFreiholtz, Susanna Maria Kristina (1972 &#8211; )<br \/>\nFreiholtz, Sven Arne Ingvar (1942 &#8211; 1988)<br \/>\nFreiholtz, Sven Henrik (1988 &#8211; )<br \/>\nFreiholtz, Sven Lennart (1924 &#8211; 1994)<br \/>\nFreiholtz, Sven Olof Christer (1950 &#8211; )<br \/>\nFreiholtz, Sven-Olof (1955 &#8211; )<br \/>\nFreiholtz, Sven Otto (1890 &#8211; )<br \/>\nFreiholtz, Sven Viktor (1923 &#8211; )<br \/>\nFreiholtz, Syster Margareta Linn\u00e9a (1895 &#8211; 1984)<br \/>\nFreiholtz, Thore Herman (1928 &#8211; )<br \/>\nFreiholtz, Tilda Kristina (1877 &#8211; (?? DEC 1957))<br \/>\nFreiholtz, Tobias Jan Ingvar (1997 &#8211; )<br \/>\nFreiholtz, Tomas Mikael (1994 &#8211; )<br \/>\nFreiholtz, Torbj\u00f6rn (1955 &#8211; )<br \/>\nFreiholtz, Ulf Rune Christer (1971 &#8211; )<br \/>\nFreiholtz, Ulla Ingvor (1928 &#8211; )<br \/>\nFreiholtz, Ulla Margareta (1941 &#8211; )<br \/>\nFreiholtz, Ulrika (1977 &#8211; )<br \/>\nFreiholtz, Valborg Linnea (1909 &#8211; )<br \/>\nFreiholtz, Valter Ludvig (1915 &#8211; 1997)<br \/>\nFreiholtz, Victoria Hanna Christina (1978 &#8211; )<br \/>\nFreiholtz, Yngve Rickard (1912 &#8211; 1918)<br \/>\nFreiholtz, Yvonne Ann-Kristin Martina (1956 &#8211; )<br \/>\nFreiholtz, Yvonne Kerstin Angelica (1985 &#8211; )<br \/>\nFreiholtz, \u00c5ke (1957 &#8211; )<br \/>\nFreiholz, Anna Maria (1741 &#8211; )<br \/>\nFreiholz, Christina Anna (1743 &#8211; )<br \/>\nFreiholz, Christopher Ernst (1717 &#8211; 1788)<br \/>\nFreiholz, Christopher Mikael Baltzar (1745 &#8211; 1809)<br \/>\nFreiholz, Conrad Dinjer (1721 &#8211; )<br \/>\nFreiholz, Dorothea (1689 &#8211; )<br \/>\nFreiholz, Ernst Conrad (1748 &#8211; )<br \/>\nFreiholz, Hanna Ilseba (1767 &#8211; 1768)<br \/>\nFreiholz, Hanna Ilseba (1770 &#8211; )<br \/>\nFreiholz, Jacob Baltzar (1684 &#8211; 1752)<br \/>\nFreiholz, J\u00fcrgen Friedrich (1741 &#8211; )<br \/>\nFreiholz, J\u00fcrgen Joachim (1659 &#8211; 1729)<br \/>\nFreiholz, Margareta (1691 &#8211; )<br \/>\nFreiholz, Ulrica Elisabeth (1725 &#8211; )<br \/>\nFridell, (1895 &#8211; 1961)<br \/>\nFunke, Jakob (1998 &#8211; )<br \/>\nFunke, Jan<\/p>\n","protected":false},"excerpt":{"rendered":"<p>Falkman, Ida (1972 &#8211; ) Fast, Ulla Anita (1951 &#8211; ) Finl\u00f6v, Erika (1981 &#8211; ) Finl\u00f6v, Harald (1949 &#8211; ) Finl\u00f6v, Linda (1979 &#8211; ) Finl\u00f6v, Martin (1984 &#8211; ) Forsberg, Disa Margareta Anette (1914 &#8211; ) Forsberg, Folke Sigfrid Gabriel (1912 &#8211; 1991) Forsberg, Folke Sigfrid (- 1957) Forsberg, Gunilla (1927 &#8211; )&#8230;<\/p>\n","protected":false},"author":1,"featured_media":0,"parent":20,"menu_order":0,"comment_status":"closed","ping_status":"closed","template":"","meta":{"_monsterinsights_skip_tracking":false,"_monsterinsights_sitenote_active":false,"_monsterinsights_sitenote_note":"","_monsterinsights_sitenote_category":0,"footnotes":""},"class_list":["post-27","page","type-page","status-publish","hentry"],"yoast_head":"<!-- This site is optimized with the Yoast SEO plugin v27.5 - https:\/\/yoast.com\/product\/yoast-seo-wordpress\/ -->\n<title>Personregister F - Freiholtz Sl\u00e4ktforskning<\/title>\n<meta name=\"robots\" content=\"index, follow, max-snippet:-1, max-image-preview:large, max-video-preview:-1\" \/>\n<link rel=\"canonical\" href=\"https:\/\/www.freiholtz.se\/genealogi\/stamtavla\/personregister-f\/\" \/>\n<meta property=\"og:locale\" content=\"sv_SE\" \/>\n<meta property=\"og:type\" content=\"article\" \/>\n<meta property=\"og:title\" content=\"Personregister F - Freiholtz Sl\u00e4ktforskning\" \/>\n<meta property=\"og:description\" content=\"Falkman, Ida (1972 &#8211; ) Fast, Ulla Anita (1951 &#8211; ) Finl\u00f6v, Erika (1981 &#8211; ) Finl\u00f6v, Harald (1949 &#8211; ) Finl\u00f6v, Linda (1979 &#8211; ) Finl\u00f6v, Martin (1984 &#8211; ) Forsberg, Disa Margareta Anette (1914 &#8211; ) Forsberg, Folke Sigfrid Gabriel (1912 &#8211; 1991) Forsberg, Folke Sigfrid (- 1957) Forsberg, Gunilla (1927 &#8211; )...\" \/>\n<meta property=\"og:url\" content=\"https:\/\/www.freiholtz.se\/genealogi\/stamtavla\/personregister-f\/\" \/>\n<meta property=\"og:site_name\" content=\"Freiholtz Sl\u00e4ktforskning\" \/>\n<meta name=\"twitter:card\" content=\"summary_large_image\" \/>\n<meta name=\"twitter:label1\" content=\"Ber\u00e4knad l\u00e4stid\" \/>\n\t<meta name=\"twitter:data1\" content=\"7 minuter\" \/>\n<script type=\"application\/ld+json\" class=\"yoast-schema-graph\">{\"@context\":\"https:\\\/\\\/schema.org\",\"@graph\":[{\"@type\":\"WebPage\",\"@id\":\"https:\\\/\\\/www.freiholtz.se\\\/genealogi\\\/stamtavla\\\/personregister-f\\\/\",\"url\":\"https:\\\/\\\/www.freiholtz.se\\\/genealogi\\\/stamtavla\\\/personregister-f\\\/\",\"name\":\"Personregister F - Freiholtz Sl\u00e4ktforskning\",\"isPartOf\":{\"@id\":\"https:\\\/\\\/www.freiholtz.se\\\/genealogi\\\/#website\"},\"datePublished\":\"2008-12-26T14:26:43+00:00\",\"breadcrumb\":{\"@id\":\"https:\\\/\\\/www.freiholtz.se\\\/genealogi\\\/stamtavla\\\/personregister-f\\\/#breadcrumb\"},\"inLanguage\":\"sv-SE\",\"potentialAction\":[{\"@type\":\"ReadAction\",\"target\":[\"https:\\\/\\\/www.freiholtz.se\\\/genealogi\\\/stamtavla\\\/personregister-f\\\/\"]}]},{\"@type\":\"BreadcrumbList\",\"@id\":\"https:\\\/\\\/www.freiholtz.se\\\/genealogi\\\/stamtavla\\\/personregister-f\\\/#breadcrumb\",\"itemListElement\":[{\"@type\":\"ListItem\",\"position\":1,\"name\":\"Hem\",\"item\":\"https:\\\/\\\/www.freiholtz.se\\\/genealogi\\\/\"},{\"@type\":\"ListItem\",\"position\":2,\"name\":\"Stamtavla\",\"item\":\"https:\\\/\\\/www.freiholtz.se\\\/genealogi\\\/stamtavla\\\/\"},{\"@type\":\"ListItem\",\"position\":3,\"name\":\"Personregister F\"}]},{\"@type\":\"WebSite\",\"@id\":\"https:\\\/\\\/www.freiholtz.se\\\/genealogi\\\/#website\",\"url\":\"https:\\\/\\\/www.freiholtz.se\\\/genealogi\\\/\",\"name\":\"Freiholtz Sl\u00e4ktforskning\",\"description\":\"\u00c4ttlingar till J\u00fcrgen Joachim Freiholtz\",\"potentialAction\":[{\"@type\":\"SearchAction\",\"target\":{\"@type\":\"EntryPoint\",\"urlTemplate\":\"https:\\\/\\\/www.freiholtz.se\\\/genealogi\\\/?s={search_term_string}\"},\"query-input\":{\"@type\":\"PropertyValueSpecification\",\"valueRequired\":true,\"valueName\":\"search_term_string\"}}],\"inLanguage\":\"sv-SE\"}]}<\/script>\n<!-- \/ Yoast SEO plugin. -->","yoast_head_json":{"title":"Personregister F - Freiholtz Sl\u00e4ktforskning","robots":{"index":"index","follow":"follow","max-snippet":"max-snippet:-1","max-image-preview":"max-image-preview:large","max-video-preview":"max-video-preview:-1"},"canonical":"https:\/\/www.freiholtz.se\/genealogi\/stamtavla\/personregister-f\/","og_locale":"sv_SE","og_type":"article","og_title":"Personregister F - Freiholtz Sl\u00e4ktforskning","og_description":"Falkman, Ida (1972 &#8211; ) Fast, Ulla Anita (1951 &#8211; ) Finl\u00f6v, Erika (1981 &#8211; ) Finl\u00f6v, Harald (1949 &#8211; ) Finl\u00f6v, Linda (1979 &#8211; ) Finl\u00f6v, Martin (1984 &#8211; ) Forsberg, Disa Margareta Anette (1914 &#8211; ) Forsberg, Folke Sigfrid Gabriel (1912 &#8211; 1991) Forsberg, Folke Sigfrid (- 1957) Forsberg, Gunilla (1927 &#8211; )...","og_url":"https:\/\/www.freiholtz.se\/genealogi\/stamtavla\/personregister-f\/","og_site_name":"Freiholtz Sl\u00e4ktforskning","twitter_card":"summary_large_image","twitter_misc":{"Ber\u00e4knad l\u00e4stid":"7 minuter"},"schema":{"@context":"https:\/\/schema.org","@graph":[{"@type":"WebPage","@id":"https:\/\/www.freiholtz.se\/genealogi\/stamtavla\/personregister-f\/","url":"https:\/\/www.freiholtz.se\/genealogi\/stamtavla\/personregister-f\/","name":"Personregister F - Freiholtz Sl\u00e4ktforskning","isPartOf":{"@id":"https:\/\/www.freiholtz.se\/genealogi\/#website"},"datePublished":"2008-12-26T14:26:43+00:00","breadcrumb":{"@id":"https:\/\/www.freiholtz.se\/genealogi\/stamtavla\/personregister-f\/#breadcrumb"},"inLanguage":"sv-SE","potentialAction":[{"@type":"ReadAction","target":["https:\/\/www.freiholtz.se\/genealogi\/stamtavla\/personregister-f\/"]}]},{"@type":"BreadcrumbList","@id":"https:\/\/www.freiholtz.se\/genealogi\/stamtavla\/personregister-f\/#breadcrumb","itemListElement":[{"@type":"ListItem","position":1,"name":"Hem","item":"https:\/\/www.freiholtz.se\/genealogi\/"},{"@type":"ListItem","position":2,"name":"Stamtavla","item":"https:\/\/www.freiholtz.se\/genealogi\/stamtavla\/"},{"@type":"ListItem","position":3,"name":"Personregister F"}]},{"@type":"WebSite","@id":"https:\/\/www.freiholtz.se\/genealogi\/#website","url":"https:\/\/www.freiholtz.se\/genealogi\/","name":"Freiholtz Sl\u00e4ktforskning","description":"\u00c4ttlingar till J\u00fcrgen Joachim Freiholtz","potentialAction":[{"@type":"SearchAction","target":{"@type":"EntryPoint","urlTemplate":"https:\/\/www.freiholtz.se\/genealogi\/?s={search_term_string}"},"query-input":{"@type":"PropertyValueSpecification","valueRequired":true,"valueName":"search_term_string"}}],"inLanguage":"sv-SE"}]}},"_links":{"self":[{"href":"https:\/\/www.freiholtz.se\/genealogi\/wp-json\/wp\/v2\/pages\/27","targetHints":{"allow":["GET"]}}],"collection":[{"href":"https:\/\/www.freiholtz.se\/genealogi\/wp-json\/wp\/v2\/pages"}],"about":[{"href":"https:\/\/www.freiholtz.se\/genealogi\/wp-json\/wp\/v2\/types\/page"}],"author":[{"embeddable":true,"href":"https:\/\/www.freiholtz.se\/genealogi\/wp-json\/wp\/v2\/users\/1"}],"replies":[{"embeddable":true,"href":"https:\/\/www.freiholtz.se\/genealogi\/wp-json\/wp\/v2\/comments?post=27"}],"version-history":[{"count":0,"href":"https:\/\/www.freiholtz.se\/genealogi\/wp-json\/wp\/v2\/pages\/27\/revisions"}],"up":[{"embeddable":true,"href":"https:\/\/www.freiholtz.se\/genealogi\/wp-json\/wp\/v2\/pages\/20"}],"wp:attachment":[{"href":"https:\/\/www.freiholtz.se\/genealogi\/wp-json\/wp\/v2\/media?parent=27"}],"curies":[{"name":"wp","href":"https:\/\/api.w.org\/{rel}","templated":true}]}}